{"id":187,"date":"2025-07-10T14:31:16","date_gmt":"2025-07-10T12:31:16","guid":{"rendered":"https:\/\/www.benediktberon.com\/?page_id=187"},"modified":"2025-08-18T17:08:59","modified_gmt":"2025-08-18T15:08:59","slug":"bienvenue","status":"publish","type":"page","link":"https:\/\/www.benediktberon.com\/fr\/","title":{"rendered":"Bienvenue!"},"content":{"rendered":"\n<p class=\"has-medium-font-size\"><strong>Bienvenue sur le site de Benedikt Beron !<\/strong><\/p>\n\n\n\n<p>D\u00e9couvrez des livres d\u2019activit\u00e9s uniques, cr\u00e9atifs et con\u00e7us avec passion \u2013 pour les esprits curieux de 4 \u00e0 12 ans.<\/p>\n\n\n\n<p>Des labyrinthes 3D passionnants, des parcours de mandalas imaginatifs ou des sc\u00e8nes richement illustr\u00e9es: les livres d\u2019activit\u00e9s de Benedikt Beron se distinguent par leur diversit\u00e9, leur originalit\u00e9 et leur qualit\u00e9 visuelle.<\/p>\n\n\n\n<p><strong>Cr\u00e9ations originales plut\u00f4t que g\u00e9n\u00e9r\u00e9es:<\/strong> de nombreux labyrinthes et illustrations reposent sur des concepts d\u00e9velopp\u00e9s sur mesure, qui stimulent de mani\u00e8re ludique la pens\u00e9e spatiale, la motricit\u00e9 fine, la logique et la patience.<\/p>\n\n\n\n<p><strong>Vari\u00e9s et adapt\u00e9s \u00e0 l\u2019\u00e2ge:<\/strong> chaque livre est con\u00e7u pour un groupe d\u2019\u00e2ge pr\u00e9cis \u2013 de 4 \u00e0 12 ans.<\/p>\n\n\n\n<p><strong>Con\u00e7us avec un regard professionnel:<\/strong> gr\u00e2ce \u00e0 une solide exp\u00e9rience en animation 2D\/3D, en dessin anim\u00e9 et en design, ces contenus vont bien au-del\u00e0 des solutions g\u00e9n\u00e9riques issues d\u2019applications, d\u2019IA ou de g\u00e9n\u00e9rateurs \u2013 et offrent une v\u00e9ritable richesse cr\u00e9ative.<\/p>\n\n\n\n<figure class=\"wp-block-image size-full is-resized\"><a href=\"https:\/\/www.benediktberon.com\/wp-content\/uploads\/2025\/07\/PBild-Livre-de-colorage-amusant-Franz.jpg\"><img loading=\"lazy\" decoding=\"async\" width=\"1024\" height=\"1024\" src=\"https:\/\/www.benediktberon.com\/wp-content\/uploads\/2025\/07\/PBild-Livre-de-colorage-amusant-Franz.jpg\" alt=\"Livre de coloriage : Plage, dinosaures et extraterrestres \u2013 pour les enfants \u00e0 partir de 6 ans\" class=\"wp-image-157\" style=\"width:272px;height:auto\" srcset=\"https:\/\/www.benediktberon.com\/wp-content\/uploads\/2025\/07\/PBild-Livre-de-colorage-amusant-Franz.jpg 1024w, https:\/\/www.benediktberon.com\/wp-content\/uploads\/2025\/07\/PBild-Livre-de-colorage-amusant-Franz-300x300.jpg 300w, https:\/\/www.benediktberon.com\/wp-content\/uploads\/2025\/07\/PBild-Livre-de-colorage-amusant-Franz-150x150.jpg 150w, https:\/\/www.benediktberon.com\/wp-content\/uploads\/2025\/07\/PBild-Livre-de-colorage-amusant-Franz-768x768.jpg 768w, https:\/\/www.benediktberon.com\/wp-content\/uploads\/2025\/07\/PBild-Livre-de-colorage-amusant-Franz-600x600.jpg 600w, https:\/\/www.benediktberon.com\/wp-content\/uploads\/2025\/07\/PBild-Livre-de-colorage-amusant-Franz-100x100.jpg 100w\" sizes=\"auto, (max-width: 1024px) 100vw, 1024px\" \/><\/a><\/figure>\n\n\n\n<p><\/p>\n","protected":false},"excerpt":{"rendered":"<p>Bienvenue sur le site de Benedikt Beron ! D\u00e9couvrez des livres d\u2019activit\u00e9s uniques, cr\u00e9atifs et con\u00e7us avec passion \u2013 pour [&hellip;]<\/p>\n","protected":false},"author":1,"featured_media":0,"parent":0,"menu_order":0,"comment_status":"closed","ping_status":"closed","template":"","meta":{"site-sidebar-layout":"default","site-content-layout":"","ast-site-content-layout":"default","site-content-style":"default","site-sidebar-style":"default","ast-global-header-display":"","ast-banner-title-visibility":"","ast-main-header-display":"","ast-hfb-above-header-display":"","ast-hfb-below-header-display":"","ast-hfb-mobile-header-display":"","site-post-title":"disabled","ast-breadcrumbs-content":"","ast-featured-img":"","footer-sml-layout":"","theme-transparent-header-meta":"","adv-header-id-meta":"","stick-header-meta":"","header-above-stick-meta":"","header-main-stick-meta":"","header-below-stick-meta":"","astra-migrate-meta-layouts":"default","ast-page-background-enabled":"default","ast-page-background-meta":{"desktop":{"background-color":"var(--ast-global-color-5)","background-image":"","background-repeat":"repeat","background-position":"center center","background-size":"auto","background-attachment":"scroll","background-type":"","background-media":"","overlay-type":"","overlay-color":"","overlay-opacity":"","overlay-gradient":""},"tablet":{"background-color":"","background-image":"","background-repeat":"repeat","background-position":"center center","background-size":"auto","background-attachment":"scroll","background-type":"","background-media":"","overlay-type":"","overlay-color":"","overlay-opacity":"","overlay-gradient":""},"mobile":{"background-color":"","background-image":"","background-repeat":"repeat","background-position":"center center","background-size":"auto","background-attachment":"scroll","background-type":"","background-media":"","overlay-type":"","overlay-color":"","overlay-opacity":"","overlay-gradient":""}},"ast-content-background-meta":{"desktop":{"background-color":"var(--ast-global-color-4)","background-image":"","background-repeat":"repeat","background-position":"center center","background-size":"auto","background-attachment":"scroll","background-type":"","background-media":"","overlay-type":"","overlay-color":"","overlay-opacity":"","overlay-gradient":""},"tablet":{"background-color":"var(--ast-global-color-4)","background-image":"","background-repeat":"repeat","background-position":"center center","background-size":"auto","background-attachment":"scroll","background-type":"","background-media":"","overlay-type":"","overlay-color":"","overlay-opacity":"","overlay-gradient":""},"mobile":{"background-color":"var(--ast-global-color-4)","background-image":"","background-repeat":"repeat","background-position":"center center","background-size":"auto","background-attachment":"scroll","background-type":"","background-media":"","overlay-type":"","overlay-color":"","overlay-opacity":"","overlay-gradient":""}},"footnotes":""},"class_list":["post-187","page","type-page","status-publish","hentry"],"_links":{"self":[{"href":"https:\/\/www.benediktberon.com\/fr\/wp-json\/wp\/v2\/pages\/187","targetHints":{"allow":["GET"]}}],"collection":[{"href":"https:\/\/www.benediktberon.com\/fr\/wp-json\/wp\/v2\/pages"}],"about":[{"href":"https:\/\/www.benediktberon.com\/fr\/wp-json\/wp\/v2\/types\/page"}],"author":[{"embeddable":true,"href":"https:\/\/www.benediktberon.com\/fr\/wp-json\/wp\/v2\/users\/1"}],"replies":[{"embeddable":true,"href":"https:\/\/www.benediktberon.com\/fr\/wp-json\/wp\/v2\/comments?post=187"}],"version-history":[{"count":9,"href":"https:\/\/www.benediktberon.com\/fr\/wp-json\/wp\/v2\/pages\/187\/revisions"}],"predecessor-version":[{"id":283,"href":"https:\/\/www.benediktberon.com\/fr\/wp-json\/wp\/v2\/pages\/187\/revisions\/283"}],"wp:attachment":[{"href":"https:\/\/www.benediktberon.com\/fr\/wp-json\/wp\/v2\/media?parent=187"}],"curies":[{"name":"wp","href":"https:\/\/api.w.org\/{rel}","templated":true}]}}